{"id":2027,"date":"2016-10-16T12:04:35","date_gmt":"2016-10-16T12:04:35","guid":{"rendered":"http:\/\/ksg-haunedorf.de\/?page_id=2027"},"modified":"2023-01-02T09:57:57","modified_gmt":"2023-01-02T09:57:57","slug":"trainingszeiten","status":"publish","type":"page","link":"http:\/\/ksg-haunedorf.de\/index.php\/trainingszeiten\/","title":{"rendered":"Trainingszeiten"},"content":{"rendered":"<p>Wir freuen uns \u00fcber jeden, der Lust hat, mitzuspielen, egal ob Mannschafts- oder Hobbyspieler. Einfach vorbeikommen und Spa\u00df haben.<\/p>\n<p><strong>Trainingszeiten f\u00fcr Mannschafts- und Hobbyspieler im Dorfgemeinschaftshaus Almendorf:<\/strong><\/p>\n<p>Jeden Montag und Donnerstag ab 19:00 Uhr<\/p>\n<p><strong>Kindertraining<\/strong><\/p>\n<p>Jeden Montag von 16:30 Uhr bis 18:00 Uhr<\/p>\n<p>Jeden Freitag von 17:30 Uhr bis 19:00 Uhr<\/p>\n","protected":false},"excerpt":{"rendered":"<p>Wir freuen uns \u00fcber jeden, der Lust hat, mitzuspielen, egal ob Mannschafts- oder Hobbyspieler. Einfach vorbeikommen und Spa\u00df haben. Trainingszeiten f\u00fcr Mannschafts- und Hobbyspieler im Dorfgemeinschaftshaus Almendorf: Jeden Montag und Donnerstag ab 19:00 Uhr Kindertraining Jeden Montag von 16:30 Uhr &hellip; <a href=\"http:\/\/ksg-haunedorf.de\/index.php\/trainingszeiten\/\">Continue reading <span class=\"meta-nav\">&rarr;<\/span><\/a><\/p>\n","protected":false},"author":1,"featured_media":0,"parent":0,"menu_order":0,"comment_status":"closed","ping_status":"closed","template":"","meta":{"ngg_post_thumbnail":0,"footnotes":""},"class_list":["post-2027","page","type-page","status-publish","hentry"],"_links":{"self":[{"href":"http:\/\/ksg-haunedorf.de\/index.php\/wp-json\/wp\/v2\/pages\/2027","targetHints":{"allow":["GET"]}}],"collection":[{"href":"http:\/\/ksg-haunedorf.de\/index.php\/wp-json\/wp\/v2\/pages"}],"about":[{"href":"http:\/\/ksg-haunedorf.de\/index.php\/wp-json\/wp\/v2\/types\/page"}],"author":[{"embeddable":true,"href":"http:\/\/ksg-haunedorf.de\/index.php\/wp-json\/wp\/v2\/users\/1"}],"replies":[{"embeddable":true,"href":"http:\/\/ksg-haunedorf.de\/index.php\/wp-json\/wp\/v2\/comments?post=2027"}],"version-history":[{"count":0,"href":"http:\/\/ksg-haunedorf.de\/index.php\/wp-json\/wp\/v2\/pages\/2027\/revisions"}],"wp:attachment":[{"href":"http:\/\/ksg-haunedorf.de\/index.php\/wp-json\/wp\/v2\/media?parent=2027"}],"curies":[{"name":"wp","href":"https:\/\/api.w.org\/{rel}","templated":true}]}}