{"id":2029,"date":"2016-10-16T12:06:46","date_gmt":"2016-10-16T12:06:46","guid":{"rendered":"http:\/\/ksg-haunedorf.de\/?page_id=2029"},"modified":"2022-06-18T20:38:49","modified_gmt":"2022-06-18T20:38:49","slug":"ergebnisse","status":"publish","type":"page","link":"http:\/\/ksg-haunedorf.de\/index.php\/ergebnisse\/","title":{"rendered":"Ergebnisse"},"content":{"rendered":"<p>Die Tischtennisabteilung spielt in der aktuellen Saison 2022\/2023 mit zwei Damen-, vier Herren- und drei Sch\u00fclermannschaften.<\/p>\n<p>Mit einem Klick zur <a href=\"https:\/\/www.mytischtennis.de\/clicktt\/HeTTV\/18-19\/verein\/21023\/KSG-Haunedorf\/spielplan\">\u00dcbersicht \u00fcber die vergangenen Ergebnisse und n\u00e4chsten Spieltermine<\/a><\/p>\n<p><iframe loading=\"lazy\" src=\"http:\/\/www.mytischtennis.de\/club-module\/club\/teams\/clubNr\/21023\/fedNickname\/HeTTV\" width=\"900\" height=\"450\"> <\/iframe><\/p>\n<p>&nbsp;<\/p>\n","protected":false},"excerpt":{"rendered":"<p>Die Tischtennisabteilung spielt in der aktuellen Saison 2022\/2023 mit zwei Damen-, vier Herren- und drei Sch\u00fclermannschaften. Mit einem Klick zur \u00dcbersicht \u00fcber die vergangenen Ergebnisse und n\u00e4chsten Spieltermine &nbsp;<\/p>\n","protected":false},"author":1,"featured_media":0,"parent":0,"menu_order":0,"comment_status":"closed","ping_status":"closed","template":"","meta":{"ngg_post_thumbnail":0,"footnotes":""},"class_list":["post-2029","page","type-page","status-publish","hentry"],"_links":{"self":[{"href":"http:\/\/ksg-haunedorf.de\/index.php\/wp-json\/wp\/v2\/pages\/2029","targetHints":{"allow":["GET"]}}],"collection":[{"href":"http:\/\/ksg-haunedorf.de\/index.php\/wp-json\/wp\/v2\/pages"}],"about":[{"href":"http:\/\/ksg-haunedorf.de\/index.php\/wp-json\/wp\/v2\/types\/page"}],"author":[{"embeddable":true,"href":"http:\/\/ksg-haunedorf.de\/index.php\/wp-json\/wp\/v2\/users\/1"}],"replies":[{"embeddable":true,"href":"http:\/\/ksg-haunedorf.de\/index.php\/wp-json\/wp\/v2\/comments?post=2029"}],"version-history":[{"count":0,"href":"http:\/\/ksg-haunedorf.de\/index.php\/wp-json\/wp\/v2\/pages\/2029\/revisions"}],"wp:attachment":[{"href":"http:\/\/ksg-haunedorf.de\/index.php\/wp-json\/wp\/v2\/media?parent=2029"}],"curies":[{"name":"wp","href":"https:\/\/api.w.org\/{rel}","templated":true}]}}