{"id":218,"date":"2012-10-07T09:32:41","date_gmt":"2012-10-07T09:32:41","guid":{"rendered":"http:\/\/ksg-haunedorf.de\/?page_id=218"},"modified":"2024-06-20T11:46:46","modified_gmt":"2024-06-20T11:46:46","slug":"damen-gymnastik-kinder-turnen","status":"publish","type":"page","link":"http:\/\/ksg-haunedorf.de\/index.php\/abteilungen\/damen-gymnastik-kinder-turnen\/","title":{"rendered":"Damen-Gymnastik \/ Kinder-Turnen"},"content":{"rendered":"<p>Die Abteilung &#8222;Gymnastik&#8220; gliedert sich in zwei Bereiche:<\/p>\n<ul>\n<li>Kinder-Turnen<\/li>\n<li>Damen-Gymnastik<\/li>\n<\/ul>\n<p><strong>Kinder-Turnen<\/strong><\/p>\n<p>Das Kinder-Turnen der Kultur- und Sportgemeinschaft wird jeden Dienstag 16:30 bis 17:30 Uhr (ausgenommen Schulferien) f\u00fcr Kinder im Alter von ca. 4 Jahren im Gemeinschaftshaus Almendorf angeboten.<\/p>\n<p><span style=\"color: #ff0000;\"><b>Leider haben wir keinen \u00dcbungsleiter oder \u00dcbungsleiterin, wir arbeiten dran so schnell wie m\u00f6gliche es wieder anzubieten.<\/b><\/span><\/p>\n<p><span style=\"color: #3366ff;\">Bei Interesse und Fragen zum Kinder-Turnen wenden sie sich bitte an den:<\/span><\/p>\n<p><span style=\"color: #3366ff;\"> Vorsitzenden, Herr Rainer Sippel, Tel. 0160 97429293<\/span><\/p>\n<p><strong>Damen-Gymnastik<\/strong><\/p>\n<p>Die Damen-Gymnastikgruppe der Kultur- und Sportgemeinschaft wurde im Jahr 1972 gegr\u00fcndet und ist seither fester Bestandteil des w\u00f6chentlichen Vereinslebens.<br \/>\nIm Jahr 1989 wurde eine Untergruppierung vorgenommen, um das Gymnastikangebot zwischen \u00e4lteren und j\u00fcngeren Teilnehmerinnen zu differenzieren.<\/p>\n<p>Die Gruppenstunden finden jeden Mittwoch-Abend im Gemeinschaftshaus Almendorf<br \/>\nstatt.<\/p>\n<p>Seit Mitte 2008 nehmen auch m\u00e4nnliche Teilnehmer an den Trainingsstunden der Gruppe 2 teil.<\/p>\n<p><span style=\"color: #3366ff;\">Ansprechpartner\/in bei Fragen und Anregungen zur Damen-Gymnastikgruppe ist <\/span><br \/>\n<span style=\"color: #3366ff;\">Frau Christina Becker, Tel. 0661 603930.<\/span><\/p>\n<p><strong>Neue Teilnehmer, egal ob m\u00e4nnlich oder weiblich, die Spa\u00df an ein wenig Bewegung haben, sind jederzeit gerne willkommen!<\/strong><\/p>\n","protected":false},"excerpt":{"rendered":"<p>Die Abteilung &#8222;Gymnastik&#8220; gliedert sich in zwei Bereiche: Kinder-Turnen Damen-Gymnastik Kinder-Turnen Das Kinder-Turnen der Kultur- und Sportgemeinschaft wird jeden Dienstag 16:30 bis 17:30 Uhr (ausgenommen Schulferien) f\u00fcr Kinder im Alter von ca. 4 Jahren im Gemeinschaftshaus Almendorf angeboten. Leider haben &hellip; <a href=\"http:\/\/ksg-haunedorf.de\/index.php\/abteilungen\/damen-gymnastik-kinder-turnen\/\">Continue reading <span class=\"meta-nav\">&rarr;<\/span><\/a><\/p>\n","protected":false},"author":1,"featured_media":0,"parent":46,"menu_order":3,"comment_status":"closed","ping_status":"closed","template":"","meta":{"ngg_post_thumbnail":0,"footnotes":""},"class_list":["post-218","page","type-page","status-publish","hentry"],"_links":{"self":[{"href":"http:\/\/ksg-haunedorf.de\/index.php\/wp-json\/wp\/v2\/pages\/218","targetHints":{"allow":["GET"]}}],"collection":[{"href":"http:\/\/ksg-haunedorf.de\/index.php\/wp-json\/wp\/v2\/pages"}],"about":[{"href":"http:\/\/ksg-haunedorf.de\/index.php\/wp-json\/wp\/v2\/types\/page"}],"author":[{"embeddable":true,"href":"http:\/\/ksg-haunedorf.de\/index.php\/wp-json\/wp\/v2\/users\/1"}],"replies":[{"embeddable":true,"href":"http:\/\/ksg-haunedorf.de\/index.php\/wp-json\/wp\/v2\/comments?post=218"}],"version-history":[{"count":0,"href":"http:\/\/ksg-haunedorf.de\/index.php\/wp-json\/wp\/v2\/pages\/218\/revisions"}],"up":[{"embeddable":true,"href":"http:\/\/ksg-haunedorf.de\/index.php\/wp-json\/wp\/v2\/pages\/46"}],"wp:attachment":[{"href":"http:\/\/ksg-haunedorf.de\/index.php\/wp-json\/wp\/v2\/media?parent=218"}],"curies":[{"name":"wp","href":"https:\/\/api.w.org\/{rel}","templated":true}]}}