{"id":3063,"date":"2019-01-20T13:50:08","date_gmt":"2019-01-20T13:50:08","guid":{"rendered":"http:\/\/ksg-haunedorf.de\/?page_id=3063"},"modified":"2026-02-12T09:36:00","modified_gmt":"2026-02-12T09:36:00","slug":"datenschutzerklaerung","status":"publish","type":"page","link":"http:\/\/ksg-haunedorf.de\/index.php\/datenschutzerklaerung\/datenschutzerklaerung\/","title":{"rendered":"Datenschutzerkl\u00e4rung"},"content":{"rendered":"\n<p class=\"has-text-align-left\"><strong>Datenschutzmitteilung \/ Imformationspflicht nach Artikel 13 und 14 DSGVO<\/strong><\/p>\n\n\n\n<p><strong>1.Namen und Kontaktdaten des Verantwortlichen sowie gegebenfalls seiner Vertreter:&nbsp;<\/strong><\/p>\n\n\n\n<p>KSG Haunedorf 1971 e.V.,<\/p>\n\n\n\n<p>gesetzlich vertreten durch den Vorstand nach \u00a726 BGB, Herrn\/Frau Rainer Sippel (1.Vorsitzender) und Herr\/Frau Sonja Wollrath (2.Vorsitzende) E-Mail: rsippel@freenet.de<\/p>\n\n\n\n<p><strong>2. Zwecke, f\u00fcr die personenbezogenen Daten verarbeitet werden:<\/strong><\/p>\n\n\n\n<p>Die personenbezogenen Daten werden f\u00fcr die Durchf\u00fchrung des Mitgliedschaftsverh\u00e4ltnisses verarbeitet (z.B. Einladung zu Versammlungen, Beitragseinzug, etc.). Dar\u00fcber hinaus werden personenbezogene daten im Zusammenhang mit aktuellen Ereignissen einschlie\u00dflich der Berichterstattung hier\u00fcber auf der Internetseite des Vereins, in Auftritten des Vereins in Sozialen Medien sowie lokale, regionale und \u00fcberregionale Print- und Onlinemedien \u00fcbermittelt.  <\/p>\n\n\n\n<p><strong>3. Rechtsgrundlagen, auf Grund derer die Verarbeitung erfolgt:<\/strong><\/p>\n\n\n\n<p>Die Verarbeitung der personenbezogenen Daten erfolgt in der Regel aufgrund der Erforderlichkeit zur Erf\u00fcllung eines Vertrages gem\u00e4\u00df 6 Abs. 1lit b) DSGVO. Bei den Vertragsverh\u00e4ltnissen handelt sich in erster Linie um das Mitgliedschaftverh\u00e4ltnis im Verein. Werden personenbezogene Daten erhoben, ohne dass die Verarbeitung zur Erf\u00fcllung des Vertrages erforderlich ist, erfolgt die Verarbeitung aufgrund einer Einwilligung nach Artikel 6 Abs. 1 lit a) i.V. m. Artikel 7 DSGVO. Die Ver\u00f6ffentlichung personenbezogener Daten im Internet oder in lokalen, regionalen oder \u00fcberregionalen Printmedien erfolgt zur Wahrung berechtigter Interessen des Vereins (vgl. Artikel 6 Abs. 1 lit. f) DSGVO). Das berechtigte Interesse des Vereins besteht in der Information der \u00d6ffentlichkeit durch Berichtserstattung \u00fcber Aktivit\u00e4ten des Vereins. In diesem Rahmen werden personebezogene Daten einschlie\u00dflich von Bildern der Teilnehmer zum Beispiel im Rahmen der Berichterstattung \u00fcber sportliche Ereignisse des Vereins ver\u00f6ffentlicht.<\/p>\n\n\n\n<p><strong>4. Die Empf\u00e4nger oder Kategorien von Empf\u00e4nger der personenbezogenen Daten:<\/strong><\/p>\n\n\n\n<p>Die Daten der Bankverbindungen der Mitglieder werden zum Zwecke des Beitragseinzug an die Raiffeisenbank Biebergrund-Petersberg e.G. weitergeleitet.<\/p>\n\n\n\n<p><strong>5. Die Dauer, f\u00fcr die die personenbezogenen Daten gespeichert werden oder, falls dies nicht m\u00f6glich ist, die Kriterien f\u00fcr die Festlegung der Dauer:<\/strong><\/p>\n\n\n\n<p>Die personenbezogenen Daten werden f\u00fcr die Dauer der Mitgliedschaft gespeichert. Mit Beendigung der Mitgliedschaft werden die Datenkategorien gem\u00e4\u00df den gesetzlichen Aufbewahrungsfristen weitere zehn Jahre vorgehalten und dann gel\u00f6scht. In der Zeit zwischen Beendigung der Mitgliedschaft und der L\u00f6schung wird die Verarbeitung dieser Daten eingeschr\u00e4nkt. Bestimmte Datenkategorien werden zum Zweck der Vereinschronik im Vereinsarchiv gespeichert. Hierbei handelt es sich um die Kategorien Vorname und Nachname. Der Speicherung liegt ein berechtigtes Interesse des Vereins an der zeitgeschichtlichen Dokumentation (Vereinschronik) zugrunde. Alle Daten der \u00fcbrigen Kategorien (z.B. Bankdaten, Anschrift, Kontaktdaten) werden mit Beendigung der Mitgliedschaft gel\u00f6scht.<\/p>\n\n\n\n<p><strong>6. Der betroffenen Person stehen unter den in den Artikeln jeweils genannten Voraussetzungen die nachfolgenden Rechte zu:<\/strong><\/p>\n\n\n\n<ul class=\"wp-block-list\">\n<li>das Recht auf Auskunft nach Artikel 15 DSGVO<\/li>\n\n\n\n<li>das Recht auf Berichtigung nach Artikel 16 DSGVO<\/li>\n\n\n\n<li>das Recht auf L\u00f6schung nach Artikel 17 DSGVO<\/li>\n\n\n\n<li>das Recht auf Einschr\u00e4nkung der Verarbeitung nach Artikel 18 DSGVO<\/li>\n\n\n\n<li>das Recht auf Daten\u00fcbertragbarkeit nach Artikel 20 DSGVO<\/li>\n\n\n\n<li>das Widerspruchsrecht nach Artikel 21 DSGVO<\/li>\n\n\n\n<li>das Recht auf Beschwerde bei einer Aufsichtsbeh\u00f6rde nach Artikel 77 DSGVO<\/li>\n\n\n\n<li>das Recht, eine erteilte Einwilligung jederzeit widerrufen zu k\u00f6nnen, ohne dass die Rechtm\u00e4\u00dfigkeit der aufgrund der Einwilligung bis zum Widerruf erfolgten Verarbeitung hierdurch ber\u00fchrt wird.<\/li>\n<\/ul>\n\n\n\n<p><strong>7. Die Quelle, aus der die personenbezogenen Daten stammen:<\/strong><\/p>\n\n\n\n<p>Die personenbezogenen Daten werden grunds\u00e4tzlich im Rahmen des Erwerbs der Mitgliedschaft erhoben.<\/p>\n\n\n\n<p>Ende der Imformationsplicht   Stand: Januar 2019<\/p>\n\n\n\n<p><\/p>\n\n\n\n<p><\/p>\n\n\n\n<p><br><\/p>\n","protected":false},"excerpt":{"rendered":"<p>Datenschutzmitteilung \/ Imformationspflicht nach Artikel 13 und 14 DSGVO 1.Namen und Kontaktdaten des Verantwortlichen sowie gegebenfalls seiner Vertreter:&nbsp; KSG Haunedorf 1971 e.V., gesetzlich vertreten durch den Vorstand nach \u00a726 BGB, Herrn\/Frau Rainer Sippel (1.Vorsitzender) und Herr\/Frau Sonja Wollrath (2.Vorsitzende) E-Mail: &hellip; <a href=\"http:\/\/ksg-haunedorf.de\/index.php\/datenschutzerklaerung\/datenschutzerklaerung\/\">Continue reading <span class=\"meta-nav\">&rarr;<\/span><\/a><\/p>\n","protected":false},"author":1,"featured_media":0,"parent":3091,"menu_order":6,"comment_status":"closed","ping_status":"closed","template":"","meta":{"ngg_post_thumbnail":0,"footnotes":""},"class_list":["post-3063","page","type-page","status-publish","hentry"],"_links":{"self":[{"href":"http:\/\/ksg-haunedorf.de\/index.php\/wp-json\/wp\/v2\/pages\/3063","targetHints":{"allow":["GET"]}}],"collection":[{"href":"http:\/\/ksg-haunedorf.de\/index.php\/wp-json\/wp\/v2\/pages"}],"about":[{"href":"http:\/\/ksg-haunedorf.de\/index.php\/wp-json\/wp\/v2\/types\/page"}],"author":[{"embeddable":true,"href":"http:\/\/ksg-haunedorf.de\/index.php\/wp-json\/wp\/v2\/users\/1"}],"replies":[{"embeddable":true,"href":"http:\/\/ksg-haunedorf.de\/index.php\/wp-json\/wp\/v2\/comments?post=3063"}],"version-history":[{"count":0,"href":"http:\/\/ksg-haunedorf.de\/index.php\/wp-json\/wp\/v2\/pages\/3063\/revisions"}],"up":[{"embeddable":true,"href":"http:\/\/ksg-haunedorf.de\/index.php\/wp-json\/wp\/v2\/pages\/3091"}],"wp:attachment":[{"href":"http:\/\/ksg-haunedorf.de\/index.php\/wp-json\/wp\/v2\/media?parent=3063"}],"curies":[{"name":"wp","href":"https:\/\/api.w.org\/{rel}","templated":true}]}}