{"id":3356,"date":"2021-09-19T09:19:55","date_gmt":"2021-09-19T09:19:55","guid":{"rendered":"http:\/\/ksg-haunedorf.de\/?page_id=3356"},"modified":"2023-06-13T12:33:54","modified_gmt":"2023-06-13T12:33:54","slug":"kindertraining","status":"publish","type":"page","link":"http:\/\/ksg-haunedorf.de\/index.php\/kindertraining\/","title":{"rendered":"Kindertraining"},"content":{"rendered":"\n<p>Immer mittwochs besteht ab sofort die M\u00f6glichkeit von 16-17 Uhr ein Schnuppertraining zu besuchen. Unsere ausgebildete Trainerin Michelle freut sich auf viele Interessierte. F\u00fcr die ersten Trainingseinheiten werden Schl\u00e4ger gestellt. Bitte an Sportklamotten,Hallenschuhe und ausreichend Fl\u00fcssigkeit denken.  Bei weiteren Fragen kontaktiert unseren Jugendleiter Daniel Laupus (01601838503).<\/p>\n","protected":false},"excerpt":{"rendered":"<p>Immer mittwochs besteht ab sofort die M\u00f6glichkeit von 16-17 Uhr ein Schnuppertraining zu besuchen. Unsere ausgebildete Trainerin Michelle freut sich auf viele Interessierte. F\u00fcr die ersten Trainingseinheiten werden Schl\u00e4ger gestellt. Bitte an Sportklamotten,Hallenschuhe und ausreichend Fl\u00fcssigkeit denken. Bei weiteren Fragen &hellip; <a href=\"http:\/\/ksg-haunedorf.de\/index.php\/kindertraining\/\">Continue reading <span class=\"meta-nav\">&rarr;<\/span><\/a><\/p>\n","protected":false},"author":1,"featured_media":0,"parent":0,"menu_order":0,"comment_status":"closed","ping_status":"closed","template":"","meta":{"ngg_post_thumbnail":0,"footnotes":""},"class_list":["post-3356","page","type-page","status-publish","hentry"],"_links":{"self":[{"href":"http:\/\/ksg-haunedorf.de\/index.php\/wp-json\/wp\/v2\/pages\/3356","targetHints":{"allow":["GET"]}}],"collection":[{"href":"http:\/\/ksg-haunedorf.de\/index.php\/wp-json\/wp\/v2\/pages"}],"about":[{"href":"http:\/\/ksg-haunedorf.de\/index.php\/wp-json\/wp\/v2\/types\/page"}],"author":[{"embeddable":true,"href":"http:\/\/ksg-haunedorf.de\/index.php\/wp-json\/wp\/v2\/users\/1"}],"replies":[{"embeddable":true,"href":"http:\/\/ksg-haunedorf.de\/index.php\/wp-json\/wp\/v2\/comments?post=3356"}],"version-history":[{"count":0,"href":"http:\/\/ksg-haunedorf.de\/index.php\/wp-json\/wp\/v2\/pages\/3356\/revisions"}],"wp:attachment":[{"href":"http:\/\/ksg-haunedorf.de\/index.php\/wp-json\/wp\/v2\/media?parent=3356"}],"curies":[{"name":"wp","href":"https:\/\/api.w.org\/{rel}","templated":true}]}}