{"id":42,"date":"2012-10-05T18:28:50","date_gmt":"2012-10-05T18:28:50","guid":{"rendered":"http:\/\/ksg-haunedorf.de\/?page_id=42"},"modified":"2022-06-18T20:34:40","modified_gmt":"2022-06-18T20:34:40","slug":"ksg-tischtennis","status":"publish","type":"page","link":"http:\/\/ksg-haunedorf.de\/index.php\/abteilungen\/ksg-tischtennis\/","title":{"rendered":"Tischtennis"},"content":{"rendered":"<p>F\u00fcr mehr Informationen klicken Sie sich durch die Untermen\u00fcs im Reiter &#8222;Abteilungen&#8220; &#8211;&gt; &#8222;Tischtennis&#8220;<\/p>\n<p><img loading=\"lazy\" decoding=\"async\" class=\"alignnone wp-image-3473 size-large\" src=\"http:\/\/ksg-haunedorf.de\/wp-content\/uploads\/2022\/06\/IMG_5290-scaled-e1655584439571-1024x632.jpg\" alt=\"\" width=\"688\" height=\"425\"><\/p>\n<p>Die Tischtennisabteilung spielt in der Saison 2022\/2023 mit zwei Damen-, vier Herren-, und drei Jugendmannschaften:<\/p>\n<p><a href=\"https:\/\/www.mytischtennis.de\/clicktt\/HeTTV\/21-22\/verein\/21023\/KSG-Haunedorf\/spielplan\/\">\u00dcbersicht \u00fcber die n\u00e4chsten Spieltermine<\/a><\/p>\n<p><iframe loading=\"lazy\" src=\"http:\/\/www.mytischtennis.de\/club-module\/club\/teams\/clubNr\/21023\/fedNickname\/HeTTV\" width=\"900\" height=\"450\"> <\/iframe><\/p>\n<p>&nbsp;<\/p>\n<p>&nbsp;<\/p>\n<p>&nbsp;<\/p>\n<p>&nbsp;<\/p>\n","protected":false},"excerpt":{"rendered":"<p>F\u00fcr mehr Informationen klicken Sie sich durch die Untermen\u00fcs im Reiter &#8222;Abteilungen&#8220; &#8211;&gt; &#8222;Tischtennis&#8220; Die Tischtennisabteilung spielt in der Saison 2022\/2023 mit zwei Damen-, vier Herren-, und drei Jugendmannschaften: \u00dcbersicht \u00fcber die n\u00e4chsten Spieltermine &nbsp; &nbsp; &nbsp; &nbsp;<\/p>\n","protected":false},"author":1,"featured_media":0,"parent":46,"menu_order":1,"comment_status":"closed","ping_status":"closed","template":"","meta":{"ngg_post_thumbnail":0,"footnotes":""},"class_list":["post-42","page","type-page","status-publish","hentry"],"_links":{"self":[{"href":"http:\/\/ksg-haunedorf.de\/index.php\/wp-json\/wp\/v2\/pages\/42","targetHints":{"allow":["GET"]}}],"collection":[{"href":"http:\/\/ksg-haunedorf.de\/index.php\/wp-json\/wp\/v2\/pages"}],"about":[{"href":"http:\/\/ksg-haunedorf.de\/index.php\/wp-json\/wp\/v2\/types\/page"}],"author":[{"embeddable":true,"href":"http:\/\/ksg-haunedorf.de\/index.php\/wp-json\/wp\/v2\/users\/1"}],"replies":[{"embeddable":true,"href":"http:\/\/ksg-haunedorf.de\/index.php\/wp-json\/wp\/v2\/comments?post=42"}],"version-history":[{"count":0,"href":"http:\/\/ksg-haunedorf.de\/index.php\/wp-json\/wp\/v2\/pages\/42\/revisions"}],"up":[{"embeddable":true,"href":"http:\/\/ksg-haunedorf.de\/index.php\/wp-json\/wp\/v2\/pages\/46"}],"wp:attachment":[{"href":"http:\/\/ksg-haunedorf.de\/index.php\/wp-json\/wp\/v2\/media?parent=42"}],"curies":[{"name":"wp","href":"https:\/\/api.w.org\/{rel}","templated":true}]}}